{"id":21223,"date":"2025-08-22T11:32:39","date_gmt":"2025-08-22T09:32:39","guid":{"rendered":"https:\/\/www.carthagecrown.com\/qualite-certifiee\/"},"modified":"2025-10-15T16:57:47","modified_gmt":"2025-10-15T14:57:47","slug":"qualite-certifiee","status":"publish","type":"page","link":"https:\/\/www.carthagecrown.com\/it\/qualite-certifiee\/","title":{"rendered":"Qualit\u00e0 certificata"},"content":{"rendered":"\t\t<div data-elementor-type=\"wp-page\" data-elementor-id=\"21223\" class=\"elementor elementor-21223\">\n\t\t\t\t\t\t<section class=\"elementor-section elementor-top-section elementor-element elementor-element-e47bc79 elementor-section-boxed elementor-section-height-default elementor-section-height-default sc_fly_static\" data-id=\"e47bc79\" data-element_type=\"section\">\n\t\t\t\t\t\t<div class=\"elementor-container elementor-column-gap-extended\">\n\t\t\t\t\t<div class=\"elementor-column elementor-col-100 elementor-top-column elementor-element elementor-element-54c92cb sc_content_align_inherit sc_layouts_column_icons_position_left sc_fly_static\" data-id=\"54c92cb\" data-element_type=\"column\">\n\t\t\t<div class=\"elementor-widget-wrap elementor-element-populated\">\n\t\t\t\t\t\t<div class=\"elementor-element elementor-element-702b48a sc_height_huge sc_fly_static elementor-widget elementor-widget-spacer\" data-id=\"702b48a\" data-element_type=\"widget\" data-widget_type=\"spacer.default\">\n\t\t\t\t<div class=\"elementor-widget-container\">\n\t\t\t\t\t\t\t<div class=\"elementor-spacer\">\n\t\t\t<div class=\"elementor-spacer-inner\"><\/div>\n\t\t<\/div>\n\t\t\t\t\t\t<\/div>\n\t\t\t\t<\/div>\n\t\t\t\t\t<\/div>\n\t\t<\/div>\n\t\t\t\t\t<\/div>\n\t\t<\/section>\n\t\t\t\t<section class=\"elementor-section elementor-top-section elementor-element elementor-element-fbaa9d2 elementor-section-boxed elementor-section-height-default elementor-section-height-default sc_fly_static\" data-id=\"fbaa9d2\" data-element_type=\"section\">\n\t\t\t\t\t\t<div class=\"elementor-container elementor-column-gap-extended\">\n\t\t\t\t\t<div class=\"elementor-column elementor-col-100 elementor-top-column elementor-element elementor-element-2557a79 sc_content_align_inherit sc_layouts_column_icons_position_left sc_fly_static\" data-id=\"2557a79\" data-element_type=\"column\">\n\t\t\t<div class=\"elementor-widget-wrap elementor-element-populated\">\n\t\t\t\t\t\t<div class=\"elementor-element elementor-element-d72bbe7 sc_fly_static elementor-widget elementor-widget-spacer\" data-id=\"d72bbe7\" data-element_type=\"widget\" data-widget_type=\"spacer.default\">\n\t\t\t\t<div class=\"elementor-widget-container\">\n\t\t\t\t\t\t\t<div class=\"elementor-spacer\">\n\t\t\t<div class=\"elementor-spacer-inner\"><\/div>\n\t\t<\/div>\n\t\t\t\t\t\t<\/div>\n\t\t\t\t<\/div>\n\t\t\t\t\t<\/div>\n\t\t<\/div>\n\t\t\t\t\t<\/div>\n\t\t<\/section>\n\t\t\t\t<section class=\"elementor-section elementor-top-section elementor-element elementor-element-5a70bef elementor-section-boxed elementor-section-height-default elementor-section-height-default sc_fly_static\" data-id=\"5a70bef\" data-element_type=\"section\" data-settings=\"{&quot;background_background&quot;:&quot;classic&quot;}\">\n\t\t\t\t\t\t<div class=\"elementor-container elementor-column-gap-extended\">\n\t\t\t\t\t<div class=\"elementor-column elementor-col-100 elementor-top-column elementor-element elementor-element-694d6a6 sc_content_align_inherit sc_layouts_column_icons_position_left sc_fly_static\" data-id=\"694d6a6\" data-element_type=\"column\">\n\t\t\t<div class=\"elementor-widget-wrap elementor-element-populated\">\n\t\t\t\t\t\t<div class=\"elementor-element elementor-element-de4ebdd sc_height_huge sc_fly_static elementor-widget elementor-widget-spacer\" data-id=\"de4ebdd\" data-element_type=\"widget\" data-widget_type=\"spacer.default\">\n\t\t\t\t<div class=\"elementor-widget-container\">\n\t\t\t\t\t\t\t<div class=\"elementor-spacer\">\n\t\t\t<div class=\"elementor-spacer-inner\"><\/div>\n\t\t<\/div>\n\t\t\t\t\t\t<\/div>\n\t\t\t\t<\/div>\n\t\t\t\t<section class=\"elementor-section elementor-inner-section elementor-element elementor-element-f5cb088 elementor-section-boxed elementor-section-height-default elementor-section-height-default sc_fly_static\" data-id=\"f5cb088\" data-element_type=\"section\">\n\t\t\t\t\t\t<div class=\"elementor-container elementor-column-gap-no\">\n\t\t\t\t\t<div class=\"elementor-column elementor-col-50 elementor-inner-column elementor-element elementor-element-c9c21dc sc_content_align_inherit sc_layouts_column_icons_position_left sc_fly_static\" data-id=\"c9c21dc\" data-element_type=\"column\">\n\t\t\t<div class=\"elementor-widget-wrap elementor-element-populated\">\n\t\t\t\t\t\t<div class=\"elementor-element elementor-element-5442ecd elementor-widget__width-auto elementor-absolute e-transform sc_fly_static elementor-widget elementor-widget-image\" data-id=\"5442ecd\" data-element_type=\"widget\" data-settings=\"{&quot;_position&quot;:&quot;absolute&quot;,&quot;_transform_translateX_effect&quot;:{&quot;unit&quot;:&quot;px&quot;,&quot;size&quot;:288,&quot;sizes&quot;:[]},&quot;_transform_translateX_effect_tablet&quot;:{&quot;unit&quot;:&quot;px&quot;,&quot;size&quot;:&quot;&quot;,&quot;sizes&quot;:[]},&quot;_transform_translateX_effect_mobile&quot;:{&quot;unit&quot;:&quot;px&quot;,&quot;size&quot;:&quot;&quot;,&quot;sizes&quot;:[]},&quot;_transform_translateY_effect&quot;:{&quot;unit&quot;:&quot;px&quot;,&quot;size&quot;:&quot;&quot;,&quot;sizes&quot;:[]},&quot;_transform_translateY_effect_tablet&quot;:{&quot;unit&quot;:&quot;px&quot;,&quot;size&quot;:&quot;&quot;,&quot;sizes&quot;:[]},&quot;_transform_translateY_effect_mobile&quot;:{&quot;unit&quot;:&quot;px&quot;,&quot;size&quot;:&quot;&quot;,&quot;sizes&quot;:[]}}\" data-widget_type=\"image.default\">\n\t\t\t\t<div class=\"elementor-widget-container\">\n\t\t\t\t\t\t\t\t\t\t\t\t\t\t\t<img fetchpriority=\"high\" decoding=\"async\" width=\"1024\" height=\"1024\" src=\"https:\/\/www.carthagecrown.com\/wp-content\/uploads\/2025\/08\/bg-4.png\" class=\"attachment-large size-large wp-image-20093\" alt=\"\" srcset=\"https:\/\/www.carthagecrown.com\/wp-content\/uploads\/2025\/08\/bg-4.png 1024w, https:\/\/www.carthagecrown.com\/wp-content\/uploads\/2025\/08\/bg-4-300x300.png 300w, https:\/\/www.carthagecrown.com\/wp-content\/uploads\/2025\/08\/bg-4-150x150.png 150w, https:\/\/www.carthagecrown.com\/wp-content\/uploads\/2025\/08\/bg-4-768x768.png 768w, https:\/\/www.carthagecrown.com\/wp-content\/uploads\/2025\/08\/bg-4-370x370.png 370w, https:\/\/www.carthagecrown.com\/wp-content\/uploads\/2025\/08\/bg-4-120x120.png 120w, https:\/\/www.carthagecrown.com\/wp-content\/uploads\/2025\/08\/bg-4-840x840.png 840w, https:\/\/www.carthagecrown.com\/wp-content\/uploads\/2025\/08\/bg-4-410x410.png 410w, https:\/\/www.carthagecrown.com\/wp-content\/uploads\/2025\/08\/bg-4-500x500.png 500w, https:\/\/www.carthagecrown.com\/wp-content\/uploads\/2025\/08\/bg-4-600x600.png 600w\" sizes=\"(max-width: 1024px) 100vw, 1024px\" \/>\t\t\t\t\t\t\t\t\t\t\t\t\t\t\t<\/div>\n\t\t\t\t<\/div>\n\t\t\t\t<div class=\"elementor-element elementor-element-fb4c88c sc_fly_static elementor-widget elementor-widget-trx_sc_title\" data-id=\"fb4c88c\" data-element_type=\"widget\" data-widget_type=\"trx_sc_title.default\">\n\t\t\t\t<div class=\"elementor-widget-container\">\n\t\t\t\t\t<div\t\tclass=\"sc_title color_style_dark sc_title_default\" ><h1 class=\"sc_item_title sc_title_title sc_item_title_style_default sc_item_title_tag\"\n\t\t\t><span class=\"sc_item_title_text\">\nDai nostri campi alla tua bottiglia \u2013 Qualit\u00e0, sostenibilit\u00e0 e certificazioni<\/span><\/h1><div class=\"sc_item_descr sc_title_descr sc_item_descr_with_custom_color trx_addons_inline_1490136423\"><p>Ogni goccia del nostro olio d'oliva \u00e8 il frutto di un'autentica competenza che inizia nei nostri campi e termina con l'imbottigliamento. Ci impegniamo a rispettare l'ambiente in ogni fase, adottando pratiche agricole sostenibili che preservano la ricchezza del suolo, la biodiversit\u00e0 e la qualit\u00e0 dei nostri raccolti.<\/p>\n<p>Il nostro impegno si riflette in una produzione responsabile, che coniuga tradizione e innovazione, per offrire un prodotto 100% naturale e di qualit\u00e0 impeccabile.<\/p>\n<p>Per garantire la sicurezza alimentare e soddisfare gli standard internazionali, ci impegniamo a seguire un rigoroso processo di certificazione: Biologico, ISO, HACCP e USDA. Queste etichette dimostrano il nostro impegno nel garantire la completa tracciabilit\u00e0, la totale trasparenza e il rispetto degli standard pi\u00f9 esigenti del mercato globale.<\/p>\n<\/div><\/div>\t\t\t\t<\/div>\n\t\t\t\t<\/div>\n\t\t\t\t<div class=\"elementor-element elementor-element-3cc69b2 sc_height_small sc_fly_static elementor-widget elementor-widget-spacer\" data-id=\"3cc69b2\" data-element_type=\"widget\" data-widget_type=\"spacer.default\">\n\t\t\t\t<div class=\"elementor-widget-container\">\n\t\t\t\t\t\t\t<div class=\"elementor-spacer\">\n\t\t\t<div class=\"elementor-spacer-inner\"><\/div>\n\t\t<\/div>\n\t\t\t\t\t\t<\/div>\n\t\t\t\t<\/div>\n\t\t\t\t\t<\/div>\n\t\t<\/div>\n\t\t\t\t<div class=\"elementor-column elementor-col-50 elementor-inner-column elementor-element elementor-element-a60d1e7 sc_content_align_right sc_layouts_column_icons_position_left sc_fly_static\" data-id=\"a60d1e7\" data-element_type=\"column\">\n\t\t\t<div class=\"elementor-widget-wrap elementor-element-populated\">\n\t\t\t\t\t\t<div class=\"elementor-element elementor-element-5bdf9c0 up-translateZ no-title elementor-widget__width-auto sc_fly_static elementor-widget elementor-widget-image\" data-id=\"5bdf9c0\" data-element_type=\"widget\" data-widget_type=\"image.default\">\n\t\t\t\t<div class=\"elementor-widget-container\">\n\t\t\t\t\t\t\t\t\t\t\t\t\t\t\t<img decoding=\"async\" src=\"https:\/\/www.carthagecrown.com\/wp-content\/uploads\/elementor\/thumbs\/mood-shop-2-rajcekv4u2bgbjiowmllnjxvrs88feaa2euewm2qks.jpg\" title=\"mood-shop-2\" alt=\"mood-shop-2\" loading=\"lazy\" \/>\t\t\t\t\t\t\t\t\t\t\t\t\t\t\t<\/div>\n\t\t\t\t<\/div>\n\t\t\t\t<div class=\"elementor-element elementor-element-697ddd9 sc_fly_static elementor-widget elementor-widget-spacer\" data-id=\"697ddd9\" data-element_type=\"widget\" data-widget_type=\"spacer.default\">\n\t\t\t\t<div class=\"elementor-widget-container\">\n\t\t\t\t\t\t\t<div class=\"elementor-spacer\">\n\t\t\t<div class=\"elementor-spacer-inner\"><\/div>\n\t\t<\/div>\n\t\t\t\t\t\t<\/div>\n\t\t\t\t<\/div>\n\t\t\t\t\t<\/div>\n\t\t<\/div>\n\t\t\t\t\t<\/div>\n\t\t<\/section>\n\t\t\t\t<div class=\"elementor-element elementor-element-a05a2b2 sc_height_huge sc_fly_static elementor-widget elementor-widget-spacer\" data-id=\"a05a2b2\" data-element_type=\"widget\" data-widget_type=\"spacer.default\">\n\t\t\t\t<div class=\"elementor-widget-container\">\n\t\t\t\t\t\t\t<div class=\"elementor-spacer\">\n\t\t\t<div class=\"elementor-spacer-inner\"><\/div>\n\t\t<\/div>\n\t\t\t\t\t\t<\/div>\n\t\t\t\t<\/div>\n\t\t\t\t\t<\/div>\n\t\t<\/div>\n\t\t\t\t\t<\/div>\n\t\t<\/section>\n\t\t\t\t<\/div>\n\t\t","protected":false},"excerpt":{"rendered":"<p>Dai nostri campi alla tua bottiglia \u2013 Qualit\u00e0, sostenibilit\u00e0 e certificazioni Ogni goccia del nostro olio d&#8217;oliva \u00e8 il frutto di un&#8217;autentica competenza che inizia nei nostri campi e termina&hellip;<\/p>\n","protected":false},"author":1,"featured_media":0,"parent":0,"menu_order":0,"comment_status":"closed","ping_status":"closed","template":"","meta":{"inline_featured_image":false,"footnotes":""},"class_list":["post-21223","page","type-page","status-publish","hentry"],"yoast_head":"<!-- This site is optimized with the Yoast SEO plugin v26.2 - https:\/\/yoast.com\/wordpress\/plugins\/seo\/ -->\n<title>Qualit\u00e0 certificata | Carthage Crown<\/title>\n<meta name=\"description\" content=\"Dai nostri campi alla tua bottiglia \u2013 Qualit\u00e0, sostenibilit\u00e0 e certificazioniOgni goccia del nostro olio d&#039;oliva \u00e8 il frutto di un&#039;autentica competenza\" \/>\n<meta name=\"robots\" content=\"index, follow, max-snippet:-1, max-image-preview:large, max-video-preview:-1\" \/>\n<link rel=\"canonical\" href=\"https:\/\/www.carthagecrown.com\/it\/qualite-certifiee\/\" \/>\n<meta property=\"og:locale\" content=\"it_IT\" \/>\n<meta property=\"og:type\" content=\"article\" \/>\n<meta property=\"og:title\" content=\"Qualit\u00e0 certificata | Carthage Crown\" \/>\n<meta property=\"og:description\" content=\"Dai nostri campi alla tua bottiglia \u2013 Qualit\u00e0, sostenibilit\u00e0 e certificazioniOgni goccia del nostro olio d&#039;oliva \u00e8 il frutto di un&#039;autentica competenza\" \/>\n<meta property=\"og:url\" content=\"https:\/\/www.carthagecrown.com\/it\/qualite-certifiee\/\" \/>\n<meta property=\"og:site_name\" content=\"Carthage Crown\" \/>\n<meta property=\"article:publisher\" content=\"https:\/\/www.facebook.com\/p\/Carthage-Crown-olive-oil-61561598181514\/\" \/>\n<meta property=\"article:modified_time\" content=\"2025-10-15T14:57:47+00:00\" \/>\n<meta property=\"og:image\" content=\"https:\/\/www.carthagecrown.com\/wp-content\/uploads\/2025\/08\/bg-4.png\" \/>\n\t<meta property=\"og:image:width\" content=\"1024\" \/>\n\t<meta property=\"og:image:height\" content=\"1024\" \/>\n\t<meta property=\"og:image:type\" content=\"image\/png\" \/>\n<meta name=\"twitter:card\" content=\"summary_large_image\" \/>\n<meta name=\"twitter:label1\" content=\"Tempo di lettura stimato\" \/>\n\t<meta name=\"twitter:data1\" content=\"1 minuto\" \/>\n<script type=\"application\/ld+json\" class=\"yoast-schema-graph\">{\"@context\":\"https:\/\/schema.org\",\"@graph\":[{\"@type\":\"WebPage\",\"@id\":\"https:\/\/www.carthagecrown.com\/it\/qualite-certifiee\/\",\"url\":\"https:\/\/www.carthagecrown.com\/it\/qualite-certifiee\/\",\"name\":\"Qualit\u00e0 certificata | Carthage Crown\",\"isPartOf\":{\"@id\":\"https:\/\/www.carthagecrown.com\/#website\"},\"primaryImageOfPage\":{\"@id\":\"https:\/\/www.carthagecrown.com\/it\/qualite-certifiee\/#primaryimage\"},\"image\":{\"@id\":\"https:\/\/www.carthagecrown.com\/it\/qualite-certifiee\/#primaryimage\"},\"thumbnailUrl\":\"https:\/\/www.carthagecrown.com\/wp-content\/uploads\/2025\/08\/bg-4.png\",\"datePublished\":\"2025-08-22T09:32:39+00:00\",\"dateModified\":\"2025-10-15T14:57:47+00:00\",\"description\":\"Dai nostri campi alla tua bottiglia \u2013 Qualit\u00e0, sostenibilit\u00e0 e certificazioniOgni goccia del nostro olio d'oliva \u00e8 il frutto di un'autentica competenza\",\"breadcrumb\":{\"@id\":\"https:\/\/www.carthagecrown.com\/it\/qualite-certifiee\/#breadcrumb\"},\"inLanguage\":\"it-IT\",\"potentialAction\":[{\"@type\":\"ReadAction\",\"target\":[\"https:\/\/www.carthagecrown.com\/it\/qualite-certifiee\/\"]}]},{\"@type\":\"ImageObject\",\"inLanguage\":\"it-IT\",\"@id\":\"https:\/\/www.carthagecrown.com\/it\/qualite-certifiee\/#primaryimage\",\"url\":\"https:\/\/www.carthagecrown.com\/wp-content\/uploads\/2025\/08\/bg-4.png\",\"contentUrl\":\"https:\/\/www.carthagecrown.com\/wp-content\/uploads\/2025\/08\/bg-4.png\"},{\"@type\":\"BreadcrumbList\",\"@id\":\"https:\/\/www.carthagecrown.com\/it\/qualite-certifiee\/#breadcrumb\",\"itemListElement\":[{\"@type\":\"ListItem\",\"position\":1,\"name\":\"Accueil\",\"item\":\"https:\/\/www.carthagecrown.com\/\"},{\"@type\":\"ListItem\",\"position\":2,\"name\":\"Qualit\u00e0 certificata\"}]},{\"@type\":\"WebSite\",\"@id\":\"https:\/\/www.carthagecrown.com\/#website\",\"url\":\"https:\/\/www.carthagecrown.com\/\",\"name\":\"Carthage Crown\",\"description\":\"Extra virgin olive oil\",\"publisher\":{\"@id\":\"https:\/\/www.carthagecrown.com\/#organization\"},\"potentialAction\":[{\"@type\":\"SearchAction\",\"target\":{\"@type\":\"EntryPoint\",\"urlTemplate\":\"https:\/\/www.carthagecrown.com\/?s={search_term_string}\"},\"query-input\":{\"@type\":\"PropertyValueSpecification\",\"valueRequired\":true,\"valueName\":\"search_term_string\"}}],\"inLanguage\":\"it-IT\"},{\"@type\":\"Organization\",\"@id\":\"https:\/\/www.carthagecrown.com\/#organization\",\"name\":\"Carthage Crown\",\"url\":\"https:\/\/www.carthagecrown.com\/\",\"logo\":{\"@type\":\"ImageObject\",\"inLanguage\":\"it-IT\",\"@id\":\"https:\/\/www.carthagecrown.com\/#\/schema\/logo\/image\/\",\"url\":\"https:\/\/www.carthagecrown.com\/wp-content\/uploads\/2020\/05\/logo-white.png\",\"contentUrl\":\"https:\/\/www.carthagecrown.com\/wp-content\/uploads\/2020\/05\/logo-white.png\",\"width\":453,\"height\":122,\"caption\":\"Carthage Crown\"},\"image\":{\"@id\":\"https:\/\/www.carthagecrown.com\/#\/schema\/logo\/image\/\"},\"sameAs\":[\"https:\/\/www.facebook.com\/p\/Carthage-Crown-olive-oil-61561598181514\/\",\"https:\/\/www.instagram.com\/carthagecrownolive\/\"]}]}<\/script>\n<!-- \/ Yoast SEO plugin. -->","yoast_head_json":{"title":"Qualit\u00e0 certificata | Carthage Crown","description":"Dai nostri campi alla tua bottiglia \u2013 Qualit\u00e0, sostenibilit\u00e0 e certificazioniOgni goccia del nostro olio d'oliva \u00e8 il frutto di un'autentica competenza","robots":{"index":"index","follow":"follow","max-snippet":"max-snippet:-1","max-image-preview":"max-image-preview:large","max-video-preview":"max-video-preview:-1"},"canonical":"https:\/\/www.carthagecrown.com\/it\/qualite-certifiee\/","og_locale":"it_IT","og_type":"article","og_title":"Qualit\u00e0 certificata | Carthage Crown","og_description":"Dai nostri campi alla tua bottiglia \u2013 Qualit\u00e0, sostenibilit\u00e0 e certificazioniOgni goccia del nostro olio d'oliva \u00e8 il frutto di un'autentica competenza","og_url":"https:\/\/www.carthagecrown.com\/it\/qualite-certifiee\/","og_site_name":"Carthage Crown","article_publisher":"https:\/\/www.facebook.com\/p\/Carthage-Crown-olive-oil-61561598181514\/","article_modified_time":"2025-10-15T14:57:47+00:00","og_image":[{"width":1024,"height":1024,"url":"https:\/\/www.carthagecrown.com\/wp-content\/uploads\/2025\/08\/bg-4.png","type":"image\/png"}],"twitter_card":"summary_large_image","twitter_misc":{"Tempo di lettura stimato":"1 minuto"},"schema":{"@context":"https:\/\/schema.org","@graph":[{"@type":"WebPage","@id":"https:\/\/www.carthagecrown.com\/it\/qualite-certifiee\/","url":"https:\/\/www.carthagecrown.com\/it\/qualite-certifiee\/","name":"Qualit\u00e0 certificata | Carthage Crown","isPartOf":{"@id":"https:\/\/www.carthagecrown.com\/#website"},"primaryImageOfPage":{"@id":"https:\/\/www.carthagecrown.com\/it\/qualite-certifiee\/#primaryimage"},"image":{"@id":"https:\/\/www.carthagecrown.com\/it\/qualite-certifiee\/#primaryimage"},"thumbnailUrl":"https:\/\/www.carthagecrown.com\/wp-content\/uploads\/2025\/08\/bg-4.png","datePublished":"2025-08-22T09:32:39+00:00","dateModified":"2025-10-15T14:57:47+00:00","description":"Dai nostri campi alla tua bottiglia \u2013 Qualit\u00e0, sostenibilit\u00e0 e certificazioniOgni goccia del nostro olio d'oliva \u00e8 il frutto di un'autentica competenza","breadcrumb":{"@id":"https:\/\/www.carthagecrown.com\/it\/qualite-certifiee\/#breadcrumb"},"inLanguage":"it-IT","potentialAction":[{"@type":"ReadAction","target":["https:\/\/www.carthagecrown.com\/it\/qualite-certifiee\/"]}]},{"@type":"ImageObject","inLanguage":"it-IT","@id":"https:\/\/www.carthagecrown.com\/it\/qualite-certifiee\/#primaryimage","url":"https:\/\/www.carthagecrown.com\/wp-content\/uploads\/2025\/08\/bg-4.png","contentUrl":"https:\/\/www.carthagecrown.com\/wp-content\/uploads\/2025\/08\/bg-4.png"},{"@type":"BreadcrumbList","@id":"https:\/\/www.carthagecrown.com\/it\/qualite-certifiee\/#breadcrumb","itemListElement":[{"@type":"ListItem","position":1,"name":"Accueil","item":"https:\/\/www.carthagecrown.com\/"},{"@type":"ListItem","position":2,"name":"Qualit\u00e0 certificata"}]},{"@type":"WebSite","@id":"https:\/\/www.carthagecrown.com\/#website","url":"https:\/\/www.carthagecrown.com\/","name":"Carthage Crown","description":"Extra virgin olive oil","publisher":{"@id":"https:\/\/www.carthagecrown.com\/#organization"},"potentialAction":[{"@type":"SearchAction","target":{"@type":"EntryPoint","urlTemplate":"https:\/\/www.carthagecrown.com\/?s={search_term_string}"},"query-input":{"@type":"PropertyValueSpecification","valueRequired":true,"valueName":"search_term_string"}}],"inLanguage":"it-IT"},{"@type":"Organization","@id":"https:\/\/www.carthagecrown.com\/#organization","name":"Carthage Crown","url":"https:\/\/www.carthagecrown.com\/","logo":{"@type":"ImageObject","inLanguage":"it-IT","@id":"https:\/\/www.carthagecrown.com\/#\/schema\/logo\/image\/","url":"https:\/\/www.carthagecrown.com\/wp-content\/uploads\/2020\/05\/logo-white.png","contentUrl":"https:\/\/www.carthagecrown.com\/wp-content\/uploads\/2020\/05\/logo-white.png","width":453,"height":122,"caption":"Carthage Crown"},"image":{"@id":"https:\/\/www.carthagecrown.com\/#\/schema\/logo\/image\/"},"sameAs":["https:\/\/www.facebook.com\/p\/Carthage-Crown-olive-oil-61561598181514\/","https:\/\/www.instagram.com\/carthagecrownolive\/"]}]}},"_links":{"self":[{"href":"https:\/\/www.carthagecrown.com\/it\/wp-json\/wp\/v2\/pages\/21223","targetHints":{"allow":["GET"]}}],"collection":[{"href":"https:\/\/www.carthagecrown.com\/it\/wp-json\/wp\/v2\/pages"}],"about":[{"href":"https:\/\/www.carthagecrown.com\/it\/wp-json\/wp\/v2\/types\/page"}],"author":[{"embeddable":true,"href":"https:\/\/www.carthagecrown.com\/it\/wp-json\/wp\/v2\/users\/1"}],"replies":[{"embeddable":true,"href":"https:\/\/www.carthagecrown.com\/it\/wp-json\/wp\/v2\/comments?post=21223"}],"version-history":[{"count":4,"href":"https:\/\/www.carthagecrown.com\/it\/wp-json\/wp\/v2\/pages\/21223\/revisions"}],"predecessor-version":[{"id":21227,"href":"https:\/\/www.carthagecrown.com\/it\/wp-json\/wp\/v2\/pages\/21223\/revisions\/21227"}],"wp:attachment":[{"href":"https:\/\/www.carthagecrown.com\/it\/wp-json\/wp\/v2\/media?parent=21223"}],"curies":[{"name":"wp","href":"https:\/\/api.w.org\/{rel}","templated":true}]}}